{"id":12316,"date":"2024-11-19T17:38:38","date_gmt":"2024-11-19T16:38:38","guid":{"rendered":"https:\/\/choralegospelchalon.com\/?page_id=12316"},"modified":"2025-09-14T22:42:27","modified_gmt":"2025-09-14T20:42:27","slug":"you-love-me","status":"publish","type":"page","link":"https:\/\/choralegospelchalon.com\/index.php\/repertoire\/you-love-me\/","title":{"rendered":"You love me"},"content":{"rendered":"Vous devez \u00eatre connect\u00e9 pour voir ce contenu.","protected":false},"excerpt":{"rendered":"Vous devez \u00eatre connect\u00e9 pour voir ce contenu.","protected":false},"author":3,"featured_media":0,"parent":172,"menu_order":0,"comment_status":"closed","ping_status":"closed","template":"","meta":{"wprm-recipe-roundup-name":"","wprm-recipe-roundup-description":"","footnotes":""},"class_list":["post-12316","page","type-page","status-publish","czr-hentry"],"_links":{"self":[{"href":"https:\/\/choralegospelchalon.com\/index.php\/wp-json\/wp\/v2\/pages\/12316","targetHints":{"allow":["GET"]}}],"collection":[{"href":"https:\/\/choralegospelchalon.com\/index.php\/wp-json\/wp\/v2\/pages"}],"about":[{"href":"https:\/\/choralegospelchalon.com\/index.php\/wp-json\/wp\/v2\/types\/page"}],"author":[{"embeddable":true,"href":"https:\/\/choralegospelchalon.com\/index.php\/wp-json\/wp\/v2\/users\/3"}],"replies":[{"embeddable":true,"href":"https:\/\/choralegospelchalon.com\/index.php\/wp-json\/wp\/v2\/comments?post=12316"}],"version-history":[{"count":25,"href":"https:\/\/choralegospelchalon.com\/index.php\/wp-json\/wp\/v2\/pages\/12316\/revisions"}],"predecessor-version":[{"id":13253,"href":"https:\/\/choralegospelchalon.com\/index.php\/wp-json\/wp\/v2\/pages\/12316\/revisions\/13253"}],"up":[{"embeddable":true,"href":"https:\/\/choralegospelchalon.com\/index.php\/wp-json\/wp\/v2\/pages\/172"}],"wp:attachment":[{"href":"https:\/\/choralegospelchalon.com\/index.php\/wp-json\/wp\/v2\/media?parent=12316"}],"curies":[{"name":"wp","href":"https:\/\/api.w.org\/{rel}","templated":true}]}}