{"id":12437,"date":"2025-01-15T06:03:47","date_gmt":"2025-01-15T05:03:47","guid":{"rendered":"https:\/\/choralegospelchalon.com\/?page_id=12437"},"modified":"2025-09-14T22:41:11","modified_gmt":"2025-09-14T20:41:11","slug":"the-center-of-my-joy","status":"publish","type":"page","link":"https:\/\/choralegospelchalon.com\/index.php\/repertoire\/the-center-of-my-joy\/","title":{"rendered":"The center of my joy"},"content":{"rendered":"Vous devez \u00eatre connect\u00e9 pour voir ce contenu.","protected":false},"excerpt":{"rendered":"Vous devez \u00eatre connect\u00e9 pour voir ce contenu.","protected":false},"author":3,"featured_media":0,"parent":172,"menu_order":0,"comment_status":"closed","ping_status":"closed","template":"","meta":{"wprm-recipe-roundup-name":"","wprm-recipe-roundup-description":"","footnotes":""},"class_list":["post-12437","page","type-page","status-publish","czr-hentry"],"_links":{"self":[{"href":"https:\/\/choralegospelchalon.com\/index.php\/wp-json\/wp\/v2\/pages\/12437","targetHints":{"allow":["GET"]}}],"collection":[{"href":"https:\/\/choralegospelchalon.com\/index.php\/wp-json\/wp\/v2\/pages"}],"about":[{"href":"https:\/\/choralegospelchalon.com\/index.php\/wp-json\/wp\/v2\/types\/page"}],"author":[{"embeddable":true,"href":"https:\/\/choralegospelchalon.com\/index.php\/wp-json\/wp\/v2\/users\/3"}],"replies":[{"embeddable":true,"href":"https:\/\/choralegospelchalon.com\/index.php\/wp-json\/wp\/v2\/comments?post=12437"}],"version-history":[{"count":13,"href":"https:\/\/choralegospelchalon.com\/index.php\/wp-json\/wp\/v2\/pages\/12437\/revisions"}],"predecessor-version":[{"id":13251,"href":"https:\/\/choralegospelchalon.com\/index.php\/wp-json\/wp\/v2\/pages\/12437\/revisions\/13251"}],"up":[{"embeddable":true,"href":"https:\/\/choralegospelchalon.com\/index.php\/wp-json\/wp\/v2\/pages\/172"}],"wp:attachment":[{"href":"https:\/\/choralegospelchalon.com\/index.php\/wp-json\/wp\/v2\/media?parent=12437"}],"curies":[{"name":"wp","href":"https:\/\/api.w.org\/{rel}","templated":true}]}}