{"id":277,"date":"2017-05-12T15:09:07","date_gmt":"2017-05-12T13:09:07","guid":{"rendered":"http:\/\/choralegospelchalon.com\/?page_id=277"},"modified":"2025-08-21T22:19:45","modified_gmt":"2025-08-21T20:19:45","slug":"contacts","status":"publish","type":"page","link":"https:\/\/choralegospelchalon.com\/index.php\/contacts\/","title":{"rendered":"Contacts"},"content":{"rendered":"<div id=\"pl-277\"  class=\"panel-layout\" ><div id=\"pg-277-0\"  class=\"panel-grid panel-no-style\" ><div id=\"pgc-277-0-0\"  class=\"panel-grid-cell\" ><div id=\"panel-277-0-0-0\" class=\"so-panel widget widget_sow-editor panel-first-child panel-last-child\" data-index=\"0\" ><div\n\t\t\t\n\t\t\tclass=\"so-widget-sow-editor so-widget-sow-editor-base\"\n\t\t\t\n\t\t>\n<div class=\"siteorigin-widget-tinymce textwidget\">\n\t<h4>Un doute ? Une question ?<br \/>\nContactez-nous en utilisant les coordonn\u00e9es ci-dessous.<\/h4>\n<h4>Nous nous efforcerons de vous r\u00e9pondre le plus vite possible.<\/h4>\n<\/div>\n<\/div><\/div><\/div><\/div><div id=\"pg-277-1\"  class=\"panel-grid panel-no-style\" ><div id=\"pgc-277-1-0\"  class=\"panel-grid-cell\" ><div id=\"panel-277-1-0-0\" class=\"so-panel widget widget_sow-editor panel-first-child panel-last-child\" data-index=\"1\" ><div class=\"panel-widget-style panel-widget-style-for-277-1-0-0\" ><div\n\t\t\t\n\t\t\tclass=\"so-widget-sow-editor so-widget-sow-editor-base\"\n\t\t\t\n\t\t>\n<div class=\"siteorigin-widget-tinymce textwidget\">\n\t<p><span style=\"text-decoration: underline;\">Pour une question li\u00e9e \u00e0 <strong>l'association<\/strong> ou \u00e0 <strong>la chorale<\/strong> :<\/span><\/p>\n<p><strong>Choeur Gospel Chalon (= Chorale Gospel Chalon)<\/strong><br \/>\nAssociation \u201c<strong>Sing it out Chalon<\/strong>\u201c<br \/>\nPr\u00e9sidente : <strong>Evelyne NEVERS<\/strong><br \/>\n<strong>singitoutchalon@gmail.com<\/strong><br \/>\nT\u00e9l\u00e9phone : <strong>06 37 48 65 20<\/strong><\/p>\n<\/div>\n<\/div><\/div><\/div><\/div><div id=\"pgc-277-1-1\"  class=\"panel-grid-cell\" ><div id=\"panel-277-1-1-0\" class=\"so-panel widget widget_sow-editor panel-first-child panel-last-child\" data-index=\"2\" ><div class=\"panel-widget-style panel-widget-style-for-277-1-1-0\" ><div\n\t\t\t\n\t\t\tclass=\"so-widget-sow-editor so-widget-sow-editor-base\"\n\t\t\t\n\t\t>\n<div class=\"siteorigin-widget-tinymce textwidget\">\n\t<p><span style=\"text-decoration: underline;\">Pour une question li\u00e9e au <strong>site internet<\/strong>\u00a0ou \u00e0 la <strong>billetterie billetweb<\/strong> :<\/span><\/p>\n<p>Web-master : <strong>Fran\u00e7ois MOHIER<\/strong><br \/>\n<strong>francoismohier@gmail.com<\/strong><br \/>\nT\u00e9l\u00e9phone : <strong>07 86 11 66 71<\/strong><\/p>\n<p>Assistant : <strong>John YOUNG<br \/>\njpyoung@outlook.fr<br \/>\n<\/strong>T\u00e9l\u00e9phone : <strong>06 03 55 85 78<br \/>\n<\/strong><\/p>\n<\/div>\n<\/div><\/div><\/div><\/div><\/div><\/div>","protected":false},"excerpt":{"rendered":"<p>Un doute ? Une question ? Contactez-nous en utilisant les coordonn\u00e9es ci-dessous. Nous nous efforcerons de vous r\u00e9pondre le plus vite possible. Pour une question li\u00e9e \u00e0 l&rsquo;association ou \u00e0 la chorale : Choeur Gospel Chalon (= Chorale Gospel Chalon) Association \u201cSing it out Chalon\u201c Pr\u00e9sidente : Evelyne NEVERS singitoutchalon@gmail.com T\u00e9l\u00e9phone : 06 37 48 [&hellip;]<\/p>\n","protected":false},"author":3,"featured_media":0,"parent":0,"menu_order":0,"comment_status":"closed","ping_status":"closed","template":"","meta":{"wprm-recipe-roundup-name":"","wprm-recipe-roundup-description":"","footnotes":""},"class_list":["post-277","page","type-page","status-publish","czr-hentry"],"_links":{"self":[{"href":"https:\/\/choralegospelchalon.com\/index.php\/wp-json\/wp\/v2\/pages\/277","targetHints":{"allow":["GET"]}}],"collection":[{"href":"https:\/\/choralegospelchalon.com\/index.php\/wp-json\/wp\/v2\/pages"}],"about":[{"href":"https:\/\/choralegospelchalon.com\/index.php\/wp-json\/wp\/v2\/types\/page"}],"author":[{"embeddable":true,"href":"https:\/\/choralegospelchalon.com\/index.php\/wp-json\/wp\/v2\/users\/3"}],"replies":[{"embeddable":true,"href":"https:\/\/choralegospelchalon.com\/index.php\/wp-json\/wp\/v2\/comments?post=277"}],"version-history":[{"count":38,"href":"https:\/\/choralegospelchalon.com\/index.php\/wp-json\/wp\/v2\/pages\/277\/revisions"}],"predecessor-version":[{"id":13124,"href":"https:\/\/choralegospelchalon.com\/index.php\/wp-json\/wp\/v2\/pages\/277\/revisions\/13124"}],"wp:attachment":[{"href":"https:\/\/choralegospelchalon.com\/index.php\/wp-json\/wp\/v2\/media?parent=277"}],"curies":[{"name":"wp","href":"https:\/\/api.w.org\/{rel}","templated":true}]}}