{"id":296,"date":"2017-05-12T15:26:20","date_gmt":"2017-05-12T13:26:20","guid":{"rendered":"http:\/\/choralegospelchalon.com\/?page_id=296"},"modified":"2026-03-27T15:13:22","modified_gmt":"2026-03-27T14:13:22","slug":"admin","status":"publish","type":"page","link":"https:\/\/choralegospelchalon.com\/index.php\/admin\/","title":{"rendered":"Admin"},"content":{"rendered":"Vous devez \u00eatre connect\u00e9 pour voir ce contenu.","protected":false},"excerpt":{"rendered":"Vous devez \u00eatre connect\u00e9 pour voir ce contenu.","protected":false},"author":3,"featured_media":0,"parent":0,"menu_order":0,"comment_status":"closed","ping_status":"closed","template":"","meta":{"wprm-recipe-roundup-name":"","wprm-recipe-roundup-description":"","footnotes":""},"class_list":["post-296","page","type-page","status-publish","czr-hentry"],"_links":{"self":[{"href":"https:\/\/choralegospelchalon.com\/index.php\/wp-json\/wp\/v2\/pages\/296","targetHints":{"allow":["GET"]}}],"collection":[{"href":"https:\/\/choralegospelchalon.com\/index.php\/wp-json\/wp\/v2\/pages"}],"about":[{"href":"https:\/\/choralegospelchalon.com\/index.php\/wp-json\/wp\/v2\/types\/page"}],"author":[{"embeddable":true,"href":"https:\/\/choralegospelchalon.com\/index.php\/wp-json\/wp\/v2\/users\/3"}],"replies":[{"embeddable":true,"href":"https:\/\/choralegospelchalon.com\/index.php\/wp-json\/wp\/v2\/comments?post=296"}],"version-history":[{"count":114,"href":"https:\/\/choralegospelchalon.com\/index.php\/wp-json\/wp\/v2\/pages\/296\/revisions"}],"predecessor-version":[{"id":13944,"href":"https:\/\/choralegospelchalon.com\/index.php\/wp-json\/wp\/v2\/pages\/296\/revisions\/13944"}],"wp:attachment":[{"href":"https:\/\/choralegospelchalon.com\/index.php\/wp-json\/wp\/v2\/media?parent=296"}],"curies":[{"name":"wp","href":"https:\/\/api.w.org\/{rel}","templated":true}]}}