{"id":3068,"date":"2018-05-22T16:09:28","date_gmt":"2018-05-22T14:09:28","guid":{"rendered":"http:\/\/choralegospelchalon.com\/?page_id=3068"},"modified":"2023-07-27T10:08:31","modified_gmt":"2023-07-27T08:08:31","slug":"politique-de-confidentialite","status":"publish","type":"page","link":"https:\/\/choralegospelchalon.com\/index.php\/politique-de-confidentialite\/","title":{"rendered":"Politique de confidentialit\u00e9"},"content":{"rendered":"Vous devez \u00eatre connect\u00e9 pour voir ce contenu.","protected":false},"excerpt":{"rendered":"Vous devez \u00eatre connect\u00e9 pour voir ce contenu.","protected":false},"author":3,"featured_media":0,"parent":0,"menu_order":0,"comment_status":"closed","ping_status":"closed","template":"","meta":{"wprm-recipe-roundup-name":"","wprm-recipe-roundup-description":"","footnotes":""},"class_list":["post-3068","page","type-page","status-publish","czr-hentry"],"_links":{"self":[{"href":"https:\/\/choralegospelchalon.com\/index.php\/wp-json\/wp\/v2\/pages\/3068","targetHints":{"allow":["GET"]}}],"collection":[{"href":"https:\/\/choralegospelchalon.com\/index.php\/wp-json\/wp\/v2\/pages"}],"about":[{"href":"https:\/\/choralegospelchalon.com\/index.php\/wp-json\/wp\/v2\/types\/page"}],"author":[{"embeddable":true,"href":"https:\/\/choralegospelchalon.com\/index.php\/wp-json\/wp\/v2\/users\/3"}],"replies":[{"embeddable":true,"href":"https:\/\/choralegospelchalon.com\/index.php\/wp-json\/wp\/v2\/comments?post=3068"}],"version-history":[{"count":12,"href":"https:\/\/choralegospelchalon.com\/index.php\/wp-json\/wp\/v2\/pages\/3068\/revisions"}],"predecessor-version":[{"id":10424,"href":"https:\/\/choralegospelchalon.com\/index.php\/wp-json\/wp\/v2\/pages\/3068\/revisions\/10424"}],"wp:attachment":[{"href":"https:\/\/choralegospelchalon.com\/index.php\/wp-json\/wp\/v2\/media?parent=3068"}],"curies":[{"name":"wp","href":"https:\/\/api.w.org\/{rel}","templated":true}]}}