{"id":333,"date":"2017-05-12T15:33:42","date_gmt":"2017-05-12T13:33:42","guid":{"rendered":"http:\/\/choralegospelchalon.com\/?page_id=333"},"modified":"2023-04-26T17:51:42","modified_gmt":"2023-04-26T15:51:42","slug":"musique-2","status":"publish","type":"page","link":"https:\/\/choralegospelchalon.com\/index.php\/musique-2\/","title":{"rendered":"Musique"},"content":{"rendered":"Vous devez \u00eatre connect\u00e9 pour voir ce contenu.","protected":false},"excerpt":{"rendered":"Vous devez \u00eatre connect\u00e9 pour voir ce contenu.","protected":false},"author":3,"featured_media":0,"parent":0,"menu_order":0,"comment_status":"closed","ping_status":"closed","template":"","meta":{"wprm-recipe-roundup-name":"","wprm-recipe-roundup-description":"","footnotes":""},"class_list":["post-333","page","type-page","status-publish","czr-hentry"],"_links":{"self":[{"href":"https:\/\/choralegospelchalon.com\/index.php\/wp-json\/wp\/v2\/pages\/333","targetHints":{"allow":["GET"]}}],"collection":[{"href":"https:\/\/choralegospelchalon.com\/index.php\/wp-json\/wp\/v2\/pages"}],"about":[{"href":"https:\/\/choralegospelchalon.com\/index.php\/wp-json\/wp\/v2\/types\/page"}],"author":[{"embeddable":true,"href":"https:\/\/choralegospelchalon.com\/index.php\/wp-json\/wp\/v2\/users\/3"}],"replies":[{"embeddable":true,"href":"https:\/\/choralegospelchalon.com\/index.php\/wp-json\/wp\/v2\/comments?post=333"}],"version-history":[{"count":11,"href":"https:\/\/choralegospelchalon.com\/index.php\/wp-json\/wp\/v2\/pages\/333\/revisions"}],"predecessor-version":[{"id":9871,"href":"https:\/\/choralegospelchalon.com\/index.php\/wp-json\/wp\/v2\/pages\/333\/revisions\/9871"}],"wp:attachment":[{"href":"https:\/\/choralegospelchalon.com\/index.php\/wp-json\/wp\/v2\/media?parent=333"}],"curies":[{"name":"wp","href":"https:\/\/api.w.org\/{rel}","templated":true}]}}