{"id":9,"date":"2017-05-10T17:56:09","date_gmt":"2017-05-10T15:56:09","guid":{"rendered":"http:\/\/choralegospelchalon.com\/?page_id=9"},"modified":"2025-09-21T08:11:53","modified_gmt":"2025-09-21T06:11:53","slug":"bienvenue","status":"publish","type":"page","link":"https:\/\/choralegospelchalon.com\/","title":{"rendered":"Bienvenue"},"content":{"rendered":"<div id=\"pl-9\"  class=\"panel-layout\" ><div id=\"pg-9-0\"  class=\"panel-grid panel-no-style\" ><div id=\"pgc-9-0-0\"  class=\"panel-grid-cell\" ><div id=\"panel-9-0-0-0\" class=\"so-panel widget widget_siteorigin-panels-builder panel-first-child panel-last-child\" data-index=\"0\" ><div class=\"panel-widget-style panel-widget-style-for-9-0-0-0\" ><div id=\"pl-w686379150e618\"  class=\"panel-layout\" ><div id=\"pg-w686379150e618-0\"  class=\"panel-grid panel-no-style\" ><div id=\"pgc-w686379150e618-0-0\"  class=\"panel-grid-cell\" ><div id=\"panel-w686379150e618-0-0-0\" class=\"so-panel widget widget_sow-editor panel-first-child panel-last-child\" data-index=\"0\" ><div class=\"panel-widget-style panel-widget-style-for-w686379150e618-0-0-0\" ><div\n\t\t\t\n\t\t\tclass=\"so-widget-sow-editor so-widget-sow-editor-base\"\n\t\t\t\n\t\t>\n<div class=\"siteorigin-widget-tinymce textwidget\">\n\t<p><span style=\"color: #ff0000; font-size: 12pt; font-family: 'arial black', sans-serif;\"><strong>ENVIE DE CHANTER ?<\/strong><\/span><\/p>\n<p>Vous \u00eates chanteur d'un jour ou de toujours, adulte ou adolescent ?<br \/>\nVous adorez l'\u00e9nergie qu'infusent les rythmes afro-am\u00e9ricains,<br \/>\ndu standard traditionnel au\u00a0gospel plus contemporain,<br \/>\ndes chant africains au Ryth'm &amp; Blues ?<\/p>\n<p><em>VOUS \u00caTES SUR LE BON SITE !<\/em><\/p>\n<\/div>\n<\/div><\/div><\/div><\/div><\/div><div id=\"pg-w686379150e618-1\"  class=\"panel-grid panel-no-style\" ><div id=\"pgc-w686379150e618-1-0\"  class=\"panel-grid-cell\" ><div id=\"panel-w686379150e618-1-0-0\" class=\"so-panel widget widget_sow-editor panel-first-child panel-last-child\" data-index=\"1\" ><div class=\"panel-widget-style panel-widget-style-for-w686379150e618-1-0-0\" ><div\n\t\t\t\n\t\t\tclass=\"so-widget-sow-editor so-widget-sow-editor-base\"\n\t\t\t\n\t\t>\n<div class=\"siteorigin-widget-tinymce textwidget\">\n\t<p><span style=\"font-size: 12pt; color: #0000ff; font-family: 'arial black', sans-serif;\"><strong>ENVIE DE NOUS REJOINDRE ?<\/strong><\/span><\/p>\n<div><span style=\"color: #3366ff;\">Rejoindre la centaine de choristes du CHOEUR GOSPEL CHALON et venir chanter dans la bonne humeur ?<\/span><\/div>\n<div><strong>Les inscriptions pour la saison 2025-2026 seront ouvertes \u00e0 partir du 10 septembre 2025.<\/strong><br \/>\nA partir de cette date, tous les mercredi \u00e0 partir de 19h30, passez nous voir \u00e0 l'Ecole Pablo Neruda de Chalon sur Sa\u00f4ne : vous vous ferez une id\u00e9e de la mani\u00e8re dont nous travaillons.<br \/>\nEt si \u00e7a vous plait, on vous dira comment vous inscrire.<br \/>\nAlors, \u00e0 bient\u00f4t ?<\/div>\n<div><\/div>\n<\/div>\n<\/div><\/div><\/div><\/div><\/div><div id=\"pg-w686379150e618-2\"  class=\"panel-grid panel-no-style\" ><div id=\"pgc-w686379150e618-2-0\"  class=\"panel-grid-cell\" ><div id=\"panel-w686379150e618-2-0-0\" class=\"so-panel widget widget_sow-editor panel-first-child panel-last-child\" data-index=\"2\" ><div class=\"panel-widget-style panel-widget-style-for-w686379150e618-2-0-0\" ><div\n\t\t\t\n\t\t\tclass=\"so-widget-sow-editor so-widget-sow-editor-base\"\n\t\t\t\n\t\t>\n<div class=\"siteorigin-widget-tinymce textwidget\">\n\t<p><span style=\"font-size: 12pt; color: #339966; font-family: 'arial black', sans-serif;\"><strong>ENVIE DE NOUS DECOUVRIR ?<\/strong><\/span><\/p>\n<p>Voici notre nouvelle carte de visite (\u00e0 regarder sur YouTube...)\n<div class=\"youtube-embed\" itemprop=\"video\" itemscope itemtype=\"https:\/\/schema.org\/VideoObject\">\n\t<meta itemprop=\"url\" content=\"https:\/\/www.youtube.com\/v\/nJ_-3HtkaRo\" \/>\n\t<meta itemprop=\"name\" content=\"Bienvenue\" \/>\n\t<meta itemprop=\"description\" content=\"Bienvenue\" \/>\n\t<meta itemprop=\"uploadDate\" content=\"2017-05-10T17:56:09+02:00\" \/>\n\t<meta itemprop=\"thumbnailUrl\" content=\"https:\/\/i.ytimg.com\/vi\/nJ_-3HtkaRo\/default.jpg\" \/>\n\t<meta itemprop=\"embedUrl\" content=\"https:\/\/www.youtube.com\/embed\/nJ_-3HtkaRo\" \/>\n\t<meta itemprop=\"height\" content=\"340\" \/>\n\t<meta itemprop=\"width\" content=\"560\" \/>\n\t<iframe loading=\"lazy\" style=\"border: 0;\" class=\"youtube-player\" width=\"560\" height=\"340\" src=\"https:\/\/www.youtube.com\/embed\/nJ_-3HtkaRo\" allowfullscreen><\/iframe>\n<\/div>\n<\/p>\n<p>Vous pouvez aussi faire appel \u00e0 nous pour vos mariages.<img loading=\"lazy\" decoding=\"async\" class=\"alignnone size-full wp-image-10701\" src=\"https:\/\/choralegospelchalon.com\/wp-content\/uploads\/2023\/10\/CGC-Mariage-scaled.jpg\" alt=\"\" width=\"2560\" height=\"1040\" srcset=\"https:\/\/choralegospelchalon.com\/wp-content\/uploads\/2023\/10\/CGC-Mariage-scaled.jpg 2560w, https:\/\/choralegospelchalon.com\/wp-content\/uploads\/2023\/10\/CGC-Mariage-300x122.jpg 300w, https:\/\/choralegospelchalon.com\/wp-content\/uploads\/2023\/10\/CGC-Mariage-1024x416.jpg 1024w, https:\/\/choralegospelchalon.com\/wp-content\/uploads\/2023\/10\/CGC-Mariage-768x312.jpg 768w, https:\/\/choralegospelchalon.com\/wp-content\/uploads\/2023\/10\/CGC-Mariage-1536x624.jpg 1536w, https:\/\/choralegospelchalon.com\/wp-content\/uploads\/2023\/10\/CGC-Mariage-2048x832.jpg 2048w\" sizes=\"auto, (max-width: 2560px) 100vw, 2560px\" \/><\/p>\n<\/div>\n<\/div><\/div><\/div><\/div><\/div><\/div><\/div><\/div><\/div><div id=\"pgc-9-0-1\"  class=\"panel-grid-cell\" ><div id=\"panel-9-0-1-0\" class=\"so-panel widget widget_siteorigin-panels-builder panel-first-child panel-last-child\" data-index=\"1\" ><div id=\"pl-w68cf97293adfb\"  class=\"panel-layout\" ><div id=\"pg-w68cf97293adfb-0\"  class=\"panel-grid panel-no-style\" ><div id=\"pgc-w68cf97293adfb-0-0\"  class=\"panel-grid-cell\" ><div id=\"panel-w68cf97293adfb-0-0-0\" class=\"so-panel widget widget_sow-editor panel-first-child\" data-index=\"0\" ><div class=\"panel-widget-style panel-widget-style-for-w68cf97293adfb-0-0-0\" ><div\n\t\t\t\n\t\t\tclass=\"so-widget-sow-editor so-widget-sow-editor-base\"\n\t\t\t\n\t\t>\n<div class=\"siteorigin-widget-tinymce textwidget\">\n\t<p><span style=\"color: #ff0000; font-size: 12pt; font-family: 'arial black', sans-serif;\"><strong>ENVIE DE NOUS CONTACTER ?<\/strong><\/span><\/p>\n<p>Pour plus de pr\u00e9cisions :<br \/>\nEmail : <strong>singitoutchalon@gmail.com<\/strong><br \/>\nT\u00e9l\u00e9phone : <strong>06 37 48 65 20<\/strong><\/p>\n<\/div>\n<\/div><\/div><\/div><div id=\"panel-w68cf97293adfb-0-0-1\" class=\"so-panel widget widget_sow-editor panel-last-child\" data-index=\"1\" ><div class=\"panel-widget-style panel-widget-style-for-w68cf97293adfb-0-0-1\" ><div\n\t\t\t\n\t\t\tclass=\"so-widget-sow-editor so-widget-sow-editor-base\"\n\t\t\t\n\t\t>\n<div class=\"siteorigin-widget-tinymce textwidget\">\n\t<p><span style=\"font-size: 12pt; color: #339966; font-family: 'arial black', sans-serif;\"><strong>ENVIE DE NOUS VOIR EN CONCERT ?<\/strong><\/span><\/p>\n<p><em>Chaque ann\u00e9e, notre chorale donne des concerts. C'est pour nous l'aboutissement de toutes ces heures de r\u00e9p\u00e9titions et nous nous effor\u00e7ons d'y partager l'\u00e9nergie qui nous<\/em> porte.<\/p>\n<div>\n<p><strong>Voici nos prochaines dates de concerts<\/strong><\/p>\n<style>#sp-ea-13213 .spcollapsing { height: 0; overflow: hidden; transition-property: height;transition-duration: 300ms;}#sp-ea-13213.sp-easy-accordion>.sp-ea-single {margin-bottom: 10px; border: 1px solid #ffffff; }#sp-ea-13213.sp-easy-accordion>.sp-ea-single>.ea-header a {color: #ffffff;}#sp-ea-13213.sp-easy-accordion>.sp-ea-single>.sp-collapse>.ea-body {background: #fff; color: #444;}#sp-ea-13213.sp-easy-accordion>.sp-ea-single {background: #ed0000;}#sp-ea-13213.sp-easy-accordion>.sp-ea-single>.ea-header a .ea-expand-icon { float: left; color: #444;font-size: 16px;}<\/style><div id=\"sp_easy_accordion-1757399440\"><div id=\"sp-ea-13213\" class=\"sp-ea-one sp-easy-accordion\" data-ea-active=\"ea-click\" data-ea-mode=\"vertical\" data-preloader=\"\" data-scroll-active-item=\"\" data-offset-to-scroll=\"0\"><div class=\"ea-card ea-expand sp-ea-single\"><h3 class=\"ea-header\"><a class=\"collapsed\" id=\"ea-header-132130\" role=\"button\" data-sptoggle=\"spcollapse\" data-sptarget=\"#collapse132130\" aria-controls=\"collapse132130\" href=\"#\" aria-expanded=\"true\" tabindex=\"0\"><i aria-hidden=\"true\" role=\"presentation\" class=\"ea-expand-icon eap-icon-ea-expand-minus\"><\/i> 18 avril 2026 - Chatenoy-le-Royal<\/a><\/h3><div class=\"sp-collapse spcollapse collapsed show\" id=\"collapse132130\" data-parent=\"#sp-ea-13213\" role=\"region\" aria-labelledby=\"ea-header-132130\"> <div class=\"ea-body\"><p><a href=\"https:\/\/billetweb.fr\/soiree-gospel3\">Cliquer <span style=\"color: #ff0000;font-size: 14pt\">ici<\/span> pour r\u00e9server vos places<\/a><br \/><img loading=\"lazy\" decoding=\"async\" class=\"alignnone size-full wp-image-13787\" src=\"https:\/\/choralegospelchalon.com\/wp-content\/uploads\/2026\/02\/Affiche-Chatenoy-2026-scaled.jpg\" alt=\"\" width=\"1811\" height=\"2560\" srcset=\"https:\/\/choralegospelchalon.com\/wp-content\/uploads\/2026\/02\/Affiche-Chatenoy-2026-scaled.jpg 1811w, https:\/\/choralegospelchalon.com\/wp-content\/uploads\/2026\/02\/Affiche-Chatenoy-2026-212x300.jpg 212w, https:\/\/choralegospelchalon.com\/wp-content\/uploads\/2026\/02\/Affiche-Chatenoy-2026-724x1024.jpg 724w, https:\/\/choralegospelchalon.com\/wp-content\/uploads\/2026\/02\/Affiche-Chatenoy-2026-768x1086.jpg 768w, https:\/\/choralegospelchalon.com\/wp-content\/uploads\/2026\/02\/Affiche-Chatenoy-2026-1086x1536.jpg 1086w, https:\/\/choralegospelchalon.com\/wp-content\/uploads\/2026\/02\/Affiche-Chatenoy-2026-1448x2048.jpg 1448w\" sizes=\"auto, (max-width: 1811px) 100vw, 1811px\" \/><\/p><\/div><\/div><\/div><div class=\"ea-card ea-expand sp-ea-single\"><h3 class=\"ea-header\"><a class=\"collapsed\" id=\"ea-header-132131\" role=\"button\" data-sptoggle=\"spcollapse\" data-sptarget=\"#collapse132131\" aria-controls=\"collapse132131\" href=\"#\" aria-expanded=\"true\" tabindex=\"0\"><i aria-hidden=\"true\" role=\"presentation\" class=\"ea-expand-icon eap-icon-ea-expand-minus\"><\/i> 16 mai 2026 : Etrigny<\/a><\/h3><div class=\"sp-collapse spcollapse collapsed show\" id=\"collapse132131\" data-parent=\"#sp-ea-13213\" role=\"region\" aria-labelledby=\"ea-header-132131\"> <div class=\"ea-body\"><p><a href=\"https:\/\/www.helloasso.com\/associations\/le-chemin-des-ecoliers-71240\/boutiques\/gospel\">Pour retenir vos places, cliquer <span style=\"font-size: 14pt;color: #ff0000\">ici<\/span><\/a><br \/><img loading=\"lazy\" decoding=\"async\" class=\"alignnone size-full wp-image-13998\" src=\"https:\/\/choralegospelchalon.com\/wp-content\/uploads\/2026\/04\/Affiche-Etrigny-2026-scaled.jpg\" alt=\"\" width=\"1811\" height=\"2560\" srcset=\"https:\/\/choralegospelchalon.com\/wp-content\/uploads\/2026\/04\/Affiche-Etrigny-2026-scaled.jpg 1811w, https:\/\/choralegospelchalon.com\/wp-content\/uploads\/2026\/04\/Affiche-Etrigny-2026-212x300.jpg 212w, https:\/\/choralegospelchalon.com\/wp-content\/uploads\/2026\/04\/Affiche-Etrigny-2026-724x1024.jpg 724w, https:\/\/choralegospelchalon.com\/wp-content\/uploads\/2026\/04\/Affiche-Etrigny-2026-768x1086.jpg 768w, https:\/\/choralegospelchalon.com\/wp-content\/uploads\/2026\/04\/Affiche-Etrigny-2026-1086x1536.jpg 1086w, https:\/\/choralegospelchalon.com\/wp-content\/uploads\/2026\/04\/Affiche-Etrigny-2026-1448x2048.jpg 1448w\" sizes=\"auto, (max-width: 1811px) 100vw, 1811px\" \/><\/p><\/div><\/div><\/div><div class=\"ea-card ea-expand sp-ea-single\"><h3 class=\"ea-header\"><a class=\"collapsed\" id=\"ea-header-132132\" role=\"button\" data-sptoggle=\"spcollapse\" data-sptarget=\"#collapse132132\" aria-controls=\"collapse132132\" href=\"#\" aria-expanded=\"true\" tabindex=\"0\"><i aria-hidden=\"true\" role=\"presentation\" class=\"ea-expand-icon eap-icon-ea-expand-minus\"><\/i> 14 juin 2026 - Chalon sur Sa\u00f4ne<\/a><\/h3><div class=\"sp-collapse spcollapse collapsed show\" id=\"collapse132132\" data-parent=\"#sp-ea-13213\" role=\"region\" aria-labelledby=\"ea-header-132132\"> <div class=\"ea-body\"><p>Eglise du Sacr\u00e9 Coeur<br \/>(Affiche \u00e0 venir)<\/p><\/div><\/div><\/div><div class=\"ea-card ea-expand sp-ea-single\"><h3 class=\"ea-header\"><a class=\"collapsed\" id=\"ea-header-132133\" role=\"button\" data-sptoggle=\"spcollapse\" data-sptarget=\"#collapse132133\" aria-controls=\"collapse132133\" href=\"#\" aria-expanded=\"true\" tabindex=\"0\"><i aria-hidden=\"true\" role=\"presentation\" class=\"ea-expand-icon eap-icon-ea-expand-minus\"><\/i> 20 juin 2026 : Pont de Veau<\/a><\/h3><div class=\"sp-collapse spcollapse collapsed show\" id=\"collapse132133\" data-parent=\"#sp-ea-13213\" role=\"region\" aria-labelledby=\"ea-header-132133\"> <div class=\"ea-body\"><p>(Affiche \u00e0 venir)<\/p><\/div><\/div><\/div><div class=\"ea-card ea-expand sp-ea-single\"><h3 class=\"ea-header\"><a class=\"collapsed\" id=\"ea-header-132134\" role=\"button\" data-sptoggle=\"spcollapse\" data-sptarget=\"#collapse132134\" aria-controls=\"collapse132134\" href=\"#\" aria-expanded=\"true\" tabindex=\"0\"><i aria-hidden=\"true\" role=\"presentation\" class=\"ea-expand-icon eap-icon-ea-expand-minus\"><\/i> 18 octobre 2026 - Montceau les Mines<\/a><\/h3><div class=\"sp-collapse spcollapse collapsed show\" id=\"collapse132134\" data-parent=\"#sp-ea-13213\" role=\"region\" aria-labelledby=\"ea-header-132134\"> <div class=\"ea-body\"><p>L'Embarcad\u00e8re<br \/>(Affiche \u00e0 venir)<\/p><\/div><\/div><\/div><div class=\"ea-card ea-expand sp-ea-single\"><h3 class=\"ea-header\"><a class=\"collapsed\" id=\"ea-header-132135\" role=\"button\" data-sptoggle=\"spcollapse\" data-sptarget=\"#collapse132135\" aria-controls=\"collapse132135\" href=\"#\" aria-expanded=\"true\" tabindex=\"0\"><i aria-hidden=\"true\" role=\"presentation\" class=\"ea-expand-icon eap-icon-ea-expand-minus\"><\/i> 14 novembre 2026 - Santenay<\/a><\/h3><div class=\"sp-collapse spcollapse collapsed show\" id=\"collapse132135\" data-parent=\"#sp-ea-13213\" role=\"region\" aria-labelledby=\"ea-header-132135\"> <div class=\"ea-body\"><p>(Affiche \u00e0 venir)<\/p><\/div><\/div><\/div><div class=\"ea-card ea-expand sp-ea-single\"><h3 class=\"ea-header\"><a class=\"collapsed\" id=\"ea-header-132136\" role=\"button\" data-sptoggle=\"spcollapse\" data-sptarget=\"#collapse132136\" aria-controls=\"collapse132136\" href=\"#\" aria-expanded=\"true\" tabindex=\"0\"><i aria-hidden=\"true\" role=\"presentation\" class=\"ea-expand-icon eap-icon-ea-expand-minus\"><\/i> 12 d\u00e9cembre 2026 - Chalon sur Sa\u00f4ne (Talents sur Sa\u00f4ne) <\/a><\/h3><div class=\"sp-collapse spcollapse collapsed show\" id=\"collapse132136\" data-parent=\"#sp-ea-13213\" role=\"region\" aria-labelledby=\"ea-header-132136\"> <div class=\"ea-body\"><p>Espace des Arts de Chalon<br \/>(Affiche \u00e0 venir)<\/p><\/div><\/div><\/div><div class=\"ea-card ea-expand sp-ea-single\"><h3 class=\"ea-header\"><a class=\"collapsed\" id=\"ea-header-132137\" role=\"button\" data-sptoggle=\"spcollapse\" data-sptarget=\"#collapse132137\" aria-controls=\"collapse132137\" href=\"#\" aria-expanded=\"true\" tabindex=\"0\"><i aria-hidden=\"true\" role=\"presentation\" class=\"ea-expand-icon eap-icon-ea-expand-minus\"><\/i> 19 d\u00e9cembre 2026 - Chapelle-Voland<\/a><\/h3><div class=\"sp-collapse spcollapse collapsed show\" id=\"collapse132137\" data-parent=\"#sp-ea-13213\" role=\"region\" aria-labelledby=\"ea-header-132137\"> <div class=\"ea-body\"><p>(Affiche \u00e0 venir)<\/p><\/div><\/div><\/div><\/div><\/div>\n<\/div>\n<\/div>\n<\/div><\/div><\/div><\/div><\/div><\/div><\/div><\/div><\/div><\/div>","protected":false},"excerpt":{"rendered":"<p>ENVIE DE CHANTER ? Vous \u00eates chanteur d&rsquo;un jour ou de toujours, adulte ou adolescent ? Vous adorez l&rsquo;\u00e9nergie qu&rsquo;infusent les rythmes afro-am\u00e9ricains, du standard traditionnel au\u00a0gospel plus contemporain, des chant africains au Ryth&rsquo;m &amp; Blues ? VOUS \u00caTES SUR LE BON SITE ! ENVIE DE NOUS REJOINDRE ? Rejoindre la centaine de choristes du [&hellip;]<\/p>\n","protected":false},"author":3,"featured_media":0,"parent":0,"menu_order":0,"comment_status":"closed","ping_status":"closed","template":"","meta":{"wprm-recipe-roundup-name":"","wprm-recipe-roundup-description":"","footnotes":""},"class_list":["post-9","page","type-page","status-publish","czr-hentry"],"_links":{"self":[{"href":"https:\/\/choralegospelchalon.com\/index.php\/wp-json\/wp\/v2\/pages\/9","targetHints":{"allow":["GET"]}}],"collection":[{"href":"https:\/\/choralegospelchalon.com\/index.php\/wp-json\/wp\/v2\/pages"}],"about":[{"href":"https:\/\/choralegospelchalon.com\/index.php\/wp-json\/wp\/v2\/types\/page"}],"author":[{"embeddable":true,"href":"https:\/\/choralegospelchalon.com\/index.php\/wp-json\/wp\/v2\/users\/3"}],"replies":[{"embeddable":true,"href":"https:\/\/choralegospelchalon.com\/index.php\/wp-json\/wp\/v2\/comments?post=9"}],"version-history":[{"count":588,"href":"https:\/\/choralegospelchalon.com\/index.php\/wp-json\/wp\/v2\/pages\/9\/revisions"}],"predecessor-version":[{"id":13303,"href":"https:\/\/choralegospelchalon.com\/index.php\/wp-json\/wp\/v2\/pages\/9\/revisions\/13303"}],"wp:attachment":[{"href":"https:\/\/choralegospelchalon.com\/index.php\/wp-json\/wp\/v2\/media?parent=9"}],"curies":[{"name":"wp","href":"https:\/\/api.w.org\/{rel}","templated":true}]}}